{"id":392,"date":"2021-06-15T16:08:22","date_gmt":"2021-06-15T14:08:22","guid":{"rendered":"https:\/\/website.elbro.com\/?page_id=392"},"modified":"2025-05-07T15:19:05","modified_gmt":"2025-05-07T13:19:05","slug":"service","status":"publish","type":"page","link":"https:\/\/www.elbro.com\/it\/service\/","title":{"rendered":"Servizio"},"content":{"rendered":"<p>[et_pb_section fb_built=&#187;1&#8243; fullwidth=&#187;on&#187; _builder_version=&#187;4.16&#8243; _module_preset=&#187;default&#187; background_color=&#187;#000000&#8243; border_width_bottom=&#187;16px&#187; border_color_bottom=&#187;#ED7102&#8243; box_shadow_style=&#187;preset1&#8243; locked=&#187;off&#187; global_colors_info=&#187;{}&#187;][et_pb_fullwidth_header title=&#187;Der ELBRO Service&#187; subhead=&#187;ELBRO AG &#8211; Swiss Technology Company&#187; button_one_text=&#187;Zu den Produkten&#187; button_one_url=&#187;https:\/\/katalog.elbro.com\/&#187; button_two_text=&#187;Kontakt aufnehmen&#187; background_overlay_color=&#187;rgba(0,0,0,0.62)&#187; content_max_width=&#187;720px&#187; _builder_version=&#187;4.25.1&#8243; _dynamic_attributes=&#187;link_option_url&#187; _module_preset=&#187;default&#187; title_font_size=&#187;60px&#187; subhead_font_size=&#187;27px&#187; background_color=&#187;gcid-d803c36e-7c4b-4aeb-9f82-fcd8cf07682a&#187; background_image=&#187;https:\/\/www.elbro.com\/wp-content\/uploads\/2021\/07\/ELBRO_HFD2372-1.jpg&#187; background_enable_video_mp4=&#187;off&#187; custom_button_one=&#187;on&#187; button_one_text_size=&#187;16px&#187; button_one_text_color=&#187;#FFFFFF&#187; button_one_bg_color=&#187;gcid-b0a60e3f-b935-4eb5-82d8-8a7a0ce91c43&#8243; button_one_border_width=&#187;8px&#187; button_one_border_color=&#187;gcid-b0a60e3f-b935-4eb5-82d8-8a7a0ce91c43&#8243; custom_button_two=&#187;on&#187; button_two_text_size=&#187;16px&#187; button_two_text_color=&#187;#FFFFFF&#187; button_two_bg_color=&#187;gcid-92bf0e03-f3ff-4fb7-822f-09a07c027b15&#8243; button_two_border_width=&#187;8px&#187; button_two_border_color=&#187;gcid-92bf0e03-f3ff-4fb7-822f-09a07c027b15&#8243; custom_padding=&#187;14%||14%||true|false&#187; link_option_url=&#187;@ET-DC@eyJkeW5hbWljIjp0cnVlLCJjb250ZW50IjoicG9zdF9saW5rX3VybF9wYWdlIiwic2V0dGluZ3MiOnsicG9zdF9pZCI6IjQwMSJ9fQ==@&#187; link_option_url_new_window=&#187;on&#187; custom_css_title=&#187;max-width:550px;&#187; custom_css_subtitle=&#187;margin-bottom:25px;&#187; global_colors_info=&#187;{%22gcid-b0a60e3f-b935-4eb5-82d8-8a7a0ce91c43%22:%91%22button_one_bg_color%22,%22button_one_border_color%22%93,%22gcid-d803c36e-7c4b-4aeb-9f82-fcd8cf07682a%22:%91%22background_color%22%93,%22gcid-92bf0e03-f3ff-4fb7-822f-09a07c027b15%22:%91%22button_two_bg_color%22,%22button_two_border_color%22%93}&#187;]<\/p>\n<p>Seit \u00fcber 45 Jahren sind wir als namhaftes Produktions- und Handelsunternehmen im Schweizer Elektrogrosshandel bekannt. Mit dem Anspruch, den Anforderungen eines modernen Geb\u00e4udemanagements gerecht zu werden, ist unser Sortiment im Laufe der Zeit auf mehr als 5000 Produkte angewachsen.<\/p>\n<p>[\/et_pb_fullwidth_header][\/et_pb_section][et_pb_section fb_built=&#187;1&#8243; admin_label=&#187;Office &#187; _builder_version=&#187;4.16&#8243; background_color=&#187;#F3F5FA&#187; custom_padding=&#187;36px|0px|100px|0px||&#187; global_colors_info=&#187;{}&#187;][et_pb_row column_structure=&#187;2_3,1_3&#8243; admin_label=&#187;Texts And Button&#187; _builder_version=&#187;4.16&#8243; custom_padding=&#187;|||&#187; global_colors_info=&#187;{}&#187;][et_pb_column type=&#187;2_3&#8243; _builder_version=&#187;4.16&#8243; custom_padding=&#187;|||&#187; global_colors_info=&#187;{}&#187; custom_padding__hover=&#187;|||&#187;][et_pb_text admin_label=&#187;Title&#187; _builder_version=&#187;4.21.0&#8243; text_line_height=&#187;1.8em&#187; header_font=&#187;||||||||&#187; header_2_font_size=&#187;40px&#187; header_2_line_height=&#187;1.4em&#187; module_alignment=&#187;left&#187; custom_margin=&#187;|||&#187; global_colors_info=&#187;{}&#187;]<\/p>\n<h2>Bester Service ist unser Ansporn<\/h2>\n<p>Unser hoher Qualit\u00e4tsanspruch hat uns zu einem angesehenen und zuverl\u00e4ssigen Partner des Schweizer Elektrogrosshandels gemacht. Diesem Anspruch sind wir all die Jahre treu geblieben. Seit 1997 ist unser Unternehmen nach ISO 9001:2015 zertifiziert. Nach diesem Qualit\u00e4tsstandard arbeitet unser Team und sorgt f\u00fcr ein konstant hohes Niveau unserer Produkte und Serviceleistungen. Dar\u00fcber hinaus f\u00fchren wir unseren Erfolg auf den pers\u00f6nlichen und offenen Austausch mit unseren Gesch\u00e4ftspartnern zur\u00fcck. Mit der gleichen Wertsch\u00e4tzung, mit der wir unseren Kollegen und Kolleginnen gegen\u00fcbertreten, kommunizieren wir mit unseren Kunden und Lieferanten. Ein respektvoller und ehrlicher Umgang miteinander ist uns wichtig.<\/p>\n<p>[\/et_pb_text][\/et_pb_column][et_pb_column type=&#187;1_3&#8243; _builder_version=&#187;4.16&#8243; custom_padding=&#187;|||&#187; global_colors_info=&#187;{}&#187; custom_padding__hover=&#187;|||&#187;][\/et_pb_column][\/et_pb_row][et_pb_row use_custom_gutter=&#187;on&#187; admin_label=&#187;Life Inside Our Office&#187; _builder_version=&#187;4.16&#8243; global_colors_info=&#187;{}&#187;][et_pb_column type=&#187;4_4&#8243; _builder_version=&#187;4.16&#8243; custom_padding=&#187;|||&#187; global_colors_info=&#187;{}&#187; custom_padding__hover=&#187;|||&#187;][et_pb_image src=&#187;https:\/\/www.elbro.com\/wp-content\/uploads\/2021\/08\/ELBRO_DJI_0764-1.jpg&#187; title_text=&#187;ELBRO_DJI_0764 (1)&#187; align_tablet=&#187;center&#187; align_phone=&#187;&#187; align_last_edited=&#187;on|desktop&#187; _builder_version=&#187;4.16&#8243; _module_preset=&#187;default&#187; border_radii=&#187;on|5px|5px|5px|5px&#187; box_shadow_style=&#187;preset1&#8243; global_colors_info=&#187;{}&#187;][\/et_pb_image][\/et_pb_column][\/et_pb_row][\/et_pb_section][et_pb_section fb_built=&#187;1&#8243; admin_label=&#187;Office &#187; _builder_version=&#187;4.16&#8243; background_enable_color=&#187;off&#187; custom_padding=&#187;36px|0px|100px|0px||&#187; locked=&#187;off&#187; global_colors_info=&#187;{}&#187;][et_pb_row _builder_version=&#187;4.16&#8243; _module_preset=&#187;default&#187; custom_padding=&#187;||6px|||&#187; global_colors_info=&#187;{}&#187;][et_pb_column type=&#187;4_4&#8243; _builder_version=&#187;4.16&#8243; _module_preset=&#187;default&#187; global_colors_info=&#187;{}&#187;][et_pb_text admin_label=&#187;Title&#187; _builder_version=&#187;4.16&#8243; text_line_height=&#187;1.8em&#187; header_font=&#187;||||||||&#187; header_2_font_size=&#187;40px&#187; header_2_line_height=&#187;1.4em&#187; module_alignment=&#187;left&#187; custom_margin=&#187;||-2px|||&#187; global_colors_info=&#187;{}&#187;]<\/p>\n<h2>Weil Service f\u00fcr uns z\u00e4hlt<\/h2>\n<p>[\/et_pb_text][\/et_pb_column][\/et_pb_row][et_pb_row column_structure=&#187;2_3,1_3&#8243; admin_label=&#187;Texts And Button&#187; _builder_version=&#187;4.16&#8243; custom_padding=&#187;0px||24px|||&#187; global_colors_info=&#187;{}&#187;][et_pb_column type=&#187;2_3&#8243; _builder_version=&#187;4.16&#8243; custom_padding=&#187;|||&#187; global_colors_info=&#187;{}&#187; custom_padding__hover=&#187;|||&#187;][et_pb_text admin_label=&#187;Title&#187; _builder_version=&#187;4.17.3&#8243; text_line_height=&#187;1.8em&#187; header_font=&#187;||||||||&#187; header_2_font_size=&#187;40px&#187; header_2_line_height=&#187;1.4em&#187; module_alignment=&#187;left&#187; custom_margin=&#187;|||&#187; global_colors_info=&#187;{}&#187;]<\/p>\n<p>In unserem E-Katalog und Downloadbereich finden Sie alle relevanten Dokumente wie technische Datenbl\u00e4tter, Bedienungsanleitungen, Software &amp; Tools, Kataloge oder Brosch\u00fcren.<\/p>\n<p>Unser Serviceteam steht Ihnen f\u00fcr technische Fragen zu Produkten und Leistungen zur Verf\u00fcgung. Nutzen Sie die kompetente Beratung und profitieren Sie von unserer fachm\u00e4nnischen Auskunft. Wir freuen uns \u00fcber Ihren Anruf, eine Nachricht oder vereinbaren Sie einen Termin.<\/p>\n<p>[\/et_pb_text][et_pb_button button_url=&#187;https:\/\/katalog.elbro.com\/&#187; url_new_window=&#187;on&#187; button_text=&#187;Zum E-Katalog&#187; button_alignment=&#187;left&#187; _builder_version=&#187;4.17.3&#8243; _module_preset=&#187;default&#187; custom_button=&#187;on&#187; button_text_size=&#187;17px&#187; button_text_color=&#187;#FFFFFF&#187; button_bg_color=&#187;#ED7102&#8243; button_border_width=&#187;5px&#187; button_border_color=&#187;#ED7102&#8243; locked=&#187;off&#187; global_colors_info=&#187;{}&#187;][\/et_pb_button][\/et_pb_column][et_pb_column type=&#187;1_3&#8243; _builder_version=&#187;4.16&#8243; custom_padding=&#187;|||&#187; global_colors_info=&#187;{}&#187; custom_padding__hover=&#187;|||&#187;][et_pb_text ul_type=&#187;square&#187; admin_label=&#187;Title&#187; _builder_version=&#187;4.25.1&#8243; text_line_height=&#187;1.8em&#187; header_font=&#187;||||||||&#187; header_2_font_size=&#187;40px&#187; header_2_line_height=&#187;1.4em&#187; module_alignment=&#187;left&#187; hover_enabled=&#187;0&#8243; global_colors_info=&#187;{}&#187; sticky_enabled=&#187;0&#8243;]<\/p>\n<h3>Direct Links<\/h3>\n<ul>\n<li><a href=\"https:\/\/katalog.elbro.com\/produkt-kategorie\/elektrotechnik\/\" target=\"_blank\" rel=\"noopener\">Elektrotechnik<\/a><\/li>\n<li><a href=\"https:\/\/katalog.elbro.com\/produkt-kategorie\/haustechnik\/\" target=\"_blank\" rel=\"noopener\">Haustechnik<\/a><\/li>\n<li><a href=\"https:\/\/katalog.elbro.com\/produkt-kategorie\/installationstechnik\/\" target=\"_blank\" rel=\"noopener\">Installationstechnik<\/a><\/li>\n<li><a href=\"https:\/\/katalog.elbro.com\/produkt-kategorie\/mess-und-pruefgeraete\/\" target=\"_blank\" rel=\"noopener\">Mess- und Pr\u00fcfger\u00e4te<\/a><\/li>\n<li><a href=\"https:\/\/katalog.elbro.com\/produkt-kategorie\/schalttechnik\/\" target=\"_blank\" rel=\"noopener\">Schalttechnik<\/a><\/li>\n<li><a href=\"https:\/\/katalog.elbro.com\/produkt-kategorie\/telematik\/?filter=true&amp;product_cat=19-modultraeger\" target=\"_blank\" rel=\"noopener\">Telematik<\/a><\/li>\n<li><a href=\"https:\/\/katalog.elbro.com\/produkt-kategorie\/graesslin\/\" target=\"_blank\" rel=\"noopener\">Gr\u00e4sslin<\/a><\/li>\n<\/ul>\n<p>[\/et_pb_text][\/et_pb_column][\/et_pb_row][et_pb_row column_structure=&#187;1_3,1_3,1_3&#8243; use_custom_gutter=&#187;on&#187; admin_label=&#187;Life Inside Our Office&#187; _builder_version=&#187;4.16&#8243; global_colors_info=&#187;{}&#187;][et_pb_column type=&#187;1_3&#8243; _builder_version=&#187;4.16&#8243; custom_padding=&#187;|||&#187; global_colors_info=&#187;{}&#187; custom_padding__hover=&#187;|||&#187;][et_pb_image src=&#187;https:\/\/www.elbro.com\/wp-content\/uploads\/2021\/08\/ELBRO_HFD2437.jpg&#187; title_text=&#187;ELBRO_HFD2437&#8243; align_tablet=&#187;center&#187; align_phone=&#187;&#187; align_last_edited=&#187;on|desktop&#187; _builder_version=&#187;4.16&#8243; animation_style=&#187;slide&#187; animation_direction=&#187;bottom&#187; animation_intensity_slide=&#187;10%&#187; border_radii=&#187;on|5px|5px|5px|5px&#187; global_colors_info=&#187;{}&#187;][\/et_pb_image][\/et_pb_column][et_pb_column type=&#187;1_3&#8243; _builder_version=&#187;4.16&#8243; custom_padding=&#187;|||&#187; global_colors_info=&#187;{}&#187; custom_padding__hover=&#187;|||&#187;][et_pb_image src=&#187;https:\/\/www.elbro.com\/wp-content\/uploads\/2021\/08\/ELBRO_HFD2157.jpg&#187; title_text=&#187;ELBRO_HFD2157&#8243; align_tablet=&#187;center&#187; align_phone=&#187;&#187; align_last_edited=&#187;on|desktop&#187; _builder_version=&#187;4.16&#8243; animation_style=&#187;slide&#187; animation_direction=&#187;bottom&#187; animation_delay=&#187;200ms&#187; animation_intensity_slide=&#187;10%&#187; border_radii=&#187;on|5px|5px|5px|5px&#187; global_colors_info=&#187;{}&#187;][\/et_pb_image][\/et_pb_column][et_pb_column type=&#187;1_3&#8243; _builder_version=&#187;4.16&#8243; custom_padding=&#187;|||&#187; global_colors_info=&#187;{}&#187; custom_padding__hover=&#187;|||&#187;][et_pb_image src=&#187;https:\/\/www.elbro.com\/wp-content\/uploads\/2021\/08\/ELBRO_HFD2396.jpg&#187; title_text=&#187;ELBRO_HFD2396&#8243; align_tablet=&#187;center&#187; align_phone=&#187;&#187; align_last_edited=&#187;on|desktop&#187; _builder_version=&#187;4.16&#8243; animation_style=&#187;slide&#187; animation_direction=&#187;bottom&#187; animation_delay=&#187;100ms&#187; animation_intensity_slide=&#187;10%&#187; border_radii=&#187;on|5px|5px|5px|5px&#187; global_colors_info=&#187;{}&#187;][\/et_pb_image][\/et_pb_column][\/et_pb_row][\/et_pb_section][et_pb_section fb_built=&#187;1&#8243; admin_label=&#187;Contact Section&#187; _builder_version=&#187;4.17.3&#8243; use_background_color_gradient=&#187;on&#187; background_color_gradient_stops=&#187;rgba(242,242,242,0.85) 0%|rgba(234,234,234,0.91) 99%&#187; background_color_gradient_overlays_image=&#187;on&#187; background_image=&#187;https:\/\/www.elbro.com\/wp-content\/uploads\/2021\/08\/ELBRO_Schalttechnik_IMG0791-9-1.jpg&#187; custom_padding=&#187;0px|0px|0px|0px&#187; box_shadow_style=&#187;preset7&#8243; box_shadow_horizontal=&#187;0px&#187; box_shadow_vertical=&#187;80px&#187; box_shadow_color=&#187;#ffffff&#187; global_module=&#187;1016&#8243; saved_tabs=&#187;all&#187; locked=&#187;off&#187; global_colors_info=&#187;{}&#187;][et_pb_row column_structure=&#187;1_2,1_2&#8243; use_custom_gutter=&#187;on&#187; gutter_width=&#187;1&#8243; admin_label=&#187;Contact Row&#187; module_class=&#187; et_pb_row_fullwidth&#187; _builder_version=&#187;4.17.3&#8243; width=&#187;100%&#187; width_tablet=&#187;100%&#187; width_phone=&#187;&#187; width_last_edited=&#187;on|desktop&#187; max_width=&#187;100%&#187; max_width_tablet=&#187;100%&#187; max_width_phone=&#187;&#187; max_width_last_edited=&#187;on|desktop&#187; custom_padding=&#187;0px||0px|&#187; make_fullwidth=&#187;on&#187; global_colors_info=&#187;{}&#187;][et_pb_column type=&#187;1_2&#8243; _builder_version=&#187;4.17.3&#8243; custom_padding=&#187;140px|10%|60px|10%&#187; global_colors_info=&#187;{}&#187; custom_padding__hover=&#187;|||&#187;][et_pb_text admin_label=&#187;Title&#187; _builder_version=&#187;4.17.3&#8243; text_line_height=&#187;1.8em&#187; header_font=&#187;||||||||&#187; header_2_font_size=&#187;50px&#187; header_2_line_height=&#187;1.1em&#187; max_width=&#187;400px&#187; module_alignment=&#187;center&#187; custom_margin=&#187;32px||||false|false&#187; custom_padding=&#187;|||&#187; header_2_font_size_tablet=&#187;40px&#187; header_2_font_size_phone=&#187;30px&#187; header_2_font_size_last_edited=&#187;on|phone&#187; locked=&#187;off&#187; global_colors_info=&#187;{}&#187;]<\/p>\n<h2>Jetzt Kontakt aufnehmen<\/h2>\n<p>Nutzen Sie die kompetente Beratung und profitieren Sie von unserer fachm\u00e4nnischen Auskunft. Wir freuen uns \u00fcber Ihren Anruf, eine Nachricht oder vereinbaren Sie einen Termin.<\/p>\n<p>[\/et_pb_text][\/et_pb_column][et_pb_column type=&#187;1_2&#8243; _builder_version=&#187;4.16&#8243; background_color=&#187;gcid-92bf0e03-f3ff-4fb7-822f-09a07c027b15&#8243; custom_padding=&#187;|||&#187; global_colors_info=&#187;{%22gcid-92bf0e03-f3ff-4fb7-822f-09a07c027b15%22:%91%22background_color%22%93}&#187; custom_padding__hover=&#187;|||&#187;][et_pb_contact_form captcha=&#187;off&#187; email=&#187;info@elbro.com&#187; custom_message=&#187;Nachricht vom Elbro Website Kontaktformular:||et_pb_line_break_holder||Name: %%Name%%||et_pb_line_break_holder||E-Mail: %%Email%%||et_pb_line_break_holder||Betreff: %%Title%%||et_pb_line_break_holder||Datenschutz: %%Datenschutz%%||et_pb_line_break_holder||||et_pb_line_break_holder||%%Details%%||et_pb_line_break_holder||&#187; success_message=&#187;Vielen Dank f\u00fcr Ihre Nachricht.&#187; submit_button_text=&#187;Senden&#187; module_id=&#187;et_pb_contact_form_0&#8243; _builder_version=&#187;4.18.0&#8243; _unique_id=&#187;42750a25-756c-45fd-9f46-aca853dff350&#8243; form_field_background_color=&#187;rgba(255,255,255,0.05)&#187; form_field_text_color=&#187;#ffffff&#187; form_field_focus_text_color=&#187;#FFFFFF&#187; form_field_font=&#187;|500|||||||&#187; form_field_font_size=&#187;14px&#187; custom_button=&#187;on&#187; button_text_size=&#187;16px&#187; button_text_color=&#187;#ffffff&#187; button_bg_color=&#187;gcid-b0a60e3f-b935-4eb5-82d8-8a7a0ce91c43&#8243; button_border_width=&#187;10px&#187; button_border_color=&#187;gcid-b0a60e3f-b935-4eb5-82d8-8a7a0ce91c43&#8243; button_border_radius=&#187;5px&#187; button_letter_spacing=&#187;2px&#187; button_font=&#187;||||||||&#187; button_use_icon=&#187;off&#187; text_orientation=&#187;left&#187; max_width=&#187;80%&#187; module_alignment=&#187;center&#187; custom_margin=&#187;150px|40px|100px|40px&#187; custom_margin_tablet=&#187;92px||||false|false&#187; custom_margin_phone=&#187;70px||||false|false&#187; custom_margin_last_edited=&#187;on|phone&#187; animation_direction=&#187;right&#187; border_radii=&#187;on|5px|5px|5px|5px&#187; form_background_color=&#187;rgba(255,255,255,0.05)&#187; global_colors_info=&#187;{%22gcid-b0a60e3f-b935-4eb5-82d8-8a7a0ce91c43%22:%91%22button_bg_color%22,%22button_border_color%22%93}&#187;][et_pb_contact_field field_id=&#187;Name&#187; field_title=&#187;Name&#187; _builder_version=&#187;4.17.3&#8243; global_colors_info=&#187;{}&#187; button_text_size__hover_enabled=&#187;off&#187; button_one_text_size__hover_enabled=&#187;off&#187; button_two_text_size__hover_enabled=&#187;off&#187; button_text_color__hover_enabled=&#187;off&#187; button_one_text_color__hover_enabled=&#187;off&#187; button_two_text_color__hover_enabled=&#187;off&#187; button_border_width__hover_enabled=&#187;off&#187; button_one_border_width__hover_enabled=&#187;off&#187; button_two_border_width__hover_enabled=&#187;off&#187; button_border_color__hover_enabled=&#187;off&#187; button_one_border_color__hover_enabled=&#187;off&#187; button_two_border_color__hover_enabled=&#187;off&#187; button_border_radius__hover_enabled=&#187;off&#187; button_one_border_radius__hover_enabled=&#187;off&#187; button_two_border_radius__hover_enabled=&#187;off&#187; button_letter_spacing__hover_enabled=&#187;off&#187; button_one_letter_spacing__hover_enabled=&#187;off&#187; button_two_letter_spacing__hover_enabled=&#187;off&#187; button_bg_color__hover_enabled=&#187;off&#187; button_one_bg_color__hover_enabled=&#187;off&#187; button_two_bg_color__hover_enabled=&#187;off&#187;][\/et_pb_contact_field][et_pb_contact_field field_id=&#187;Email&#187; field_title=&#187;E-Mail Adresse&#187; field_type=&#187;email&#187; _builder_version=&#187;4.17.3&#8243; global_colors_info=&#187;{}&#187; button_text_size__hover_enabled=&#187;off&#187; button_one_text_size__hover_enabled=&#187;off&#187; button_two_text_size__hover_enabled=&#187;off&#187; button_text_color__hover_enabled=&#187;off&#187; button_one_text_color__hover_enabled=&#187;off&#187; button_two_text_color__hover_enabled=&#187;off&#187; button_border_width__hover_enabled=&#187;off&#187; button_one_border_width__hover_enabled=&#187;off&#187; button_two_border_width__hover_enabled=&#187;off&#187; button_border_color__hover_enabled=&#187;off&#187; button_one_border_color__hover_enabled=&#187;off&#187; button_two_border_color__hover_enabled=&#187;off&#187; button_border_radius__hover_enabled=&#187;off&#187; button_one_border_radius__hover_enabled=&#187;off&#187; button_two_border_radius__hover_enabled=&#187;off&#187; button_letter_spacing__hover_enabled=&#187;off&#187; button_one_letter_spacing__hover_enabled=&#187;off&#187; button_two_letter_spacing__hover_enabled=&#187;off&#187; button_bg_color__hover_enabled=&#187;off&#187; button_one_bg_color__hover_enabled=&#187;off&#187; button_two_bg_color__hover_enabled=&#187;off&#187;][\/et_pb_contact_field][et_pb_contact_field field_id=&#187;Title&#187; field_title=&#187;Betreff&#187; fullwidth_field=&#187;on&#187; _builder_version=&#187;4.17.3&#8243; global_colors_info=&#187;{}&#187; button_text_size__hover_enabled=&#187;off&#187; button_one_text_size__hover_enabled=&#187;off&#187; button_two_text_size__hover_enabled=&#187;off&#187; button_text_color__hover_enabled=&#187;off&#187; button_one_text_color__hover_enabled=&#187;off&#187; button_two_text_color__hover_enabled=&#187;off&#187; button_border_width__hover_enabled=&#187;off&#187; button_one_border_width__hover_enabled=&#187;off&#187; button_two_border_width__hover_enabled=&#187;off&#187; button_border_color__hover_enabled=&#187;off&#187; button_one_border_color__hover_enabled=&#187;off&#187; button_two_border_color__hover_enabled=&#187;off&#187; button_border_radius__hover_enabled=&#187;off&#187; button_one_border_radius__hover_enabled=&#187;off&#187; button_two_border_radius__hover_enabled=&#187;off&#187; button_letter_spacing__hover_enabled=&#187;off&#187; button_one_letter_spacing__hover_enabled=&#187;off&#187; button_two_letter_spacing__hover_enabled=&#187;off&#187; button_bg_color__hover_enabled=&#187;off&#187; button_one_bg_color__hover_enabled=&#187;off&#187; button_two_bg_color__hover_enabled=&#187;off&#187;][\/et_pb_contact_field][et_pb_contact_field field_id=&#187;Details&#187; field_title=&#187;Nachricht&#187; field_type=&#187;text&#187; fullwidth_field=&#187;on&#187; _builder_version=&#187;4.17.3&#8243; global_colors_info=&#187;{}&#187; button_text_size__hover_enabled=&#187;off&#187; button_one_text_size__hover_enabled=&#187;off&#187; button_two_text_size__hover_enabled=&#187;off&#187; button_text_color__hover_enabled=&#187;off&#187; button_one_text_color__hover_enabled=&#187;off&#187; button_two_text_color__hover_enabled=&#187;off&#187; button_border_width__hover_enabled=&#187;off&#187; button_one_border_width__hover_enabled=&#187;off&#187; button_two_border_width__hover_enabled=&#187;off&#187; button_border_color__hover_enabled=&#187;off&#187; button_one_border_color__hover_enabled=&#187;off&#187; button_two_border_color__hover_enabled=&#187;off&#187; button_border_radius__hover_enabled=&#187;off&#187; button_one_border_radius__hover_enabled=&#187;off&#187; button_two_border_radius__hover_enabled=&#187;off&#187; button_letter_spacing__hover_enabled=&#187;off&#187; button_one_letter_spacing__hover_enabled=&#187;off&#187; button_two_letter_spacing__hover_enabled=&#187;off&#187; button_bg_color__hover_enabled=&#187;off&#187; button_one_bg_color__hover_enabled=&#187;off&#187; button_two_bg_color__hover_enabled=&#187;off&#187;][\/et_pb_contact_field][et_pb_contact_field field_id=&#187;Datenschutz&#187; field_title=&#187; &#187; field_type=&#187;checkbox&#187; checkbox_options=&#187;%91{%22value%22:%22 Ich habe die Datenschutzhinweise zur Kenntnise genommen%22,%22checked%22:0,%22dragID%22:-1,%22link_url%22:%22\/datenschutz%22}%93&#8243; fullwidth_field=&#187;on&#187; _builder_version=&#187;4.17.3&#8243; _module_preset=&#187;default&#187; global_colors_info=&#187;{}&#187;][\/et_pb_contact_field][\/et_pb_contact_form][\/et_pb_column][\/et_pb_row][\/et_pb_section]<\/p>\n<div id=\"dipi-popup-maker-container\"><script type=\"text\/javascript\">var dipi_popups_with_automatic_trigger = {'3205': '{\"at_type\":\"trigger_on_scroll\",\"at_value\":\"1000:px\",\"at_periodicity\":\"once_per_period\",\"at_periodicity_hours\":\"1\",\"at_certain_period_from\":\"\",\"at_certain_period_to\":\"\",\"at_inactivity_delay\":\"0\"}',};<\/script><style type=\"text\/css\">\n\t\t\t.dipi_popup-customclose-btn-3205 {\n\t\t\t\tcolor: !important;\n\t\t\t\tbackground-color: !important;\n\t\t\t\tfont-size:px !important;\n\t\t\t\tpadding:px !important;\n\t\t\t\tmargin:px !important;\n\t\t\t\t-moz-border-radius:% !important;\n\t\t\t\t-webkit-border-radius:% !important;\n\t\t\t\t-khtml-border-radius:% !important;\n\t\t\t\tborder-radius:% !important;\n\t\t\t\tfont-weight:!important;\n\t\t\t}\n\t\t\t@media (min-width: 981px) {\n\t\t\t\t.dipi-popup-container#dipi-popup-container-3205 .dipi_popup .dipi-popup-wrapper {\n\t\t\t\t\twidth: 50%;\n\t\t\t\t}\n\t\t\t}\n\t\t\t@media(max-width: 767px) {\n\t\t\t\t.dipi-popup-container#dipi-popup-container-3205 .dipi_popup .dipi-popup-wrapper {\n\t\t\t\t\twidth: %;\n\t\t\t\t}    \n\t\t\t}\n\t\t\t@media (min-width: 768px) and (max-width: 980px) {\n\t\t\t\t.dipi-popup-container#dipi-popup-container-3205  .dipi_popup .dipi-popup-wrapper {\n\t\t\t\t\twidth: 90%;\n\t\t\t\t}    \n\t\t\t}\n\t\t\t\n\t\t\t.dipi-popup-container#dipi-popup-container-3205 .dipi_popup .dipi-popup-wrapper {\n\t\t\t\tmin-width: 300px;\n\t\t\t}\n\t\t\t<\/style><\/div>    <script type=\"text\/javascript\">\n        var ajaxurl = \"https:\/\/www.elbro.com\/wp-admin\/admin-ajax.php\";\n    <\/script>\n    ","protected":false},"excerpt":{"rendered":"<p>Seit \u00fcber 45 Jahren sind wir als namhaftes Produktions- und Handelsunternehmen im Schweizer Elektrogrosshandel bekannt. Mit dem Anspruch, den Anforderungen eines modernen Geb\u00e4udemanagements gerecht zu werden, ist unser Sortiment im Laufe der Zeit auf mehr als 5000 Produkte angewachsen.Bester Service ist unser Ansporn Unser hoher Qualit\u00e4tsanspruch hat uns zu einem angesehenen und zuverl\u00e4ssigen Partner des [&hellip;]<\/p>\n","protected":false},"author":1,"featured_media":0,"parent":0,"menu_order":0,"comment_status":"closed","ping_status":"closed","template":"","meta":{"_et_pb_use_builder":"on","_et_pb_old_content":"","_et_gb_content_width":"","inline_featured_image":false,"iawp_total_views":1478,"footnotes":""},"dipi_cpt_category":[],"class_list":["post-392","page","type-page","status-publish","hentry"],"_links":{"self":[{"href":"https:\/\/www.elbro.com\/it\/wp-json\/wp\/v2\/pages\/392","targetHints":{"allow":["GET"]}}],"collection":[{"href":"https:\/\/www.elbro.com\/it\/wp-json\/wp\/v2\/pages"}],"about":[{"href":"https:\/\/www.elbro.com\/it\/wp-json\/wp\/v2\/types\/page"}],"author":[{"embeddable":true,"href":"https:\/\/www.elbro.com\/it\/wp-json\/wp\/v2\/users\/1"}],"replies":[{"embeddable":true,"href":"https:\/\/www.elbro.com\/it\/wp-json\/wp\/v2\/comments?post=392"}],"version-history":[{"count":5,"href":"https:\/\/www.elbro.com\/it\/wp-json\/wp\/v2\/pages\/392\/revisions"}],"predecessor-version":[{"id":3771,"href":"https:\/\/www.elbro.com\/it\/wp-json\/wp\/v2\/pages\/392\/revisions\/3771"}],"wp:attachment":[{"href":"https:\/\/www.elbro.com\/it\/wp-json\/wp\/v2\/media?parent=392"}],"wp:term":[{"taxonomy":"dipi_cpt_category","embeddable":true,"href":"https:\/\/www.elbro.com\/it\/wp-json\/wp\/v2\/dipi_cpt_category?post=392"}],"curies":[{"name":"wp","href":"https:\/\/api.w.org\/{rel}","templated":true}]}}