{"id":416,"date":"2021-06-15T16:15:26","date_gmt":"2021-06-15T14:15:26","guid":{"rendered":"https:\/\/website.elbro.com\/?page_id=416"},"modified":"2024-04-09T14:41:09","modified_gmt":"2024-04-09T12:41:09","slug":"themen","status":"publish","type":"page","link":"https:\/\/www.elbro.com\/fr\/themen\/","title":{"rendered":"Th\u00e8mes"},"content":{"rendered":"<p>[et_pb_section fb_built=&#187;1&#8243; custom_padding_last_edited=&#187;on|phone&#187; admin_label=&#187;Teams &#038; Positions&#187; _builder_version=&#187;4.17.3&#8243; background_color=&#187;#F3F5FA&#187; custom_padding=&#187;74px|0px|100px|0px||&#187; custom_padding_tablet=&#187;||50px||false|false&#187; custom_padding_phone=&#187;||26px||false|false&#187; global_module=&#187;1531&#8243; saved_tabs=&#187;all&#187; global_colors_info=&#187;{}&#187;][et_pb_row admin_label=&#187;Row&#187; _builder_version=&#187;4.16&#8243; custom_padding=&#187;||0px|||&#187; locked=&#187;off&#187; global_colors_info=&#187;{}&#187;][et_pb_column type=&#187;4_4&#8243; _builder_version=&#187;4.16&#8243; custom_padding=&#187;|||&#187; global_colors_info=&#187;{}&#187; custom_padding__hover=&#187;|||&#187;][et_pb_text admin_label=&#187;Title&#187; _builder_version=&#187;4.17.3&#8243; text_font=&#187;Ubuntu||||||||&#187; text_line_height=&#187;1.8em&#187; header_font=&#187;||||||||&#187; header_2_font_size=&#187;40px&#187; header_2_line_height=&#187;1.4em&#187; text_orientation=&#187;center&#187; max_width=&#187;600px&#187; module_alignment=&#187;center&#187; custom_margin=&#187;|||&#187; header_2_font_size_tablet=&#187;30px&#187; header_2_font_size_phone=&#187;28px&#187; header_2_font_size_last_edited=&#187;on|phone&#187; header_2_line_height_tablet=&#187;&#187; header_2_line_height_phone=&#187;1.2em&#187; header_2_line_height_last_edited=&#187;on|desktop&#187; global_colors_info=&#187;{}&#187;]<\/p>\n<h2>Unsere Bereiche<\/h2>\n<p>[\/et_pb_text][\/et_pb_column][\/et_pb_row][et_pb_row column_structure=&#187;1_3,1_3,1_3&#8243; use_custom_gutter=&#187;on&#187; make_equal=&#187;on&#187; admin_label=&#187;Careers&#187; _builder_version=&#187;4.24.2&#8243; hover_enabled=&#187;0&#8243; global_colors_info=&#187;{}&#187; sticky_enabled=&#187;0&#8243;][et_pb_column type=&#187;1_3&#8243; _builder_version=&#187;4.24.2&#8243; background_color=&#187;gcid-e769f8e7-3563-45d5-a883-aa6951001813&#8243; background_enable_color=&#187;off&#187; use_background_color_gradient=&#187;on&#187; background_color_gradient_stops=&#187;rgba(237,137,49,0.95) 0%|rgba(237,137,49,0.95) 100%&#187; background_color_gradient_overlays_image=&#187;on&#187; background_color_gradient_start=&#187;rgba(237,137,49,0.95)&#187; background_color_gradient_end=&#187;rgba(237,137,49,0.95)&#187; background_image=&#187;https:\/\/www.elbro.com\/wp-content\/uploads\/2024\/03\/04_Instalationstechnik-Gruppe_IMG2917.jpg&#187; custom_padding=&#187;|||&#187; hover_enabled=&#187;0&#8243; border_radii=&#187;on|6px|6px|6px|6px&#187; global_colors_info=&#187;{%22gcid-ec49a465-1710-44e7-95c8-594abada6320%22:%91%93,%22gcid-b0a60e3f-b935-4eb5-82d8-8a7a0ce91c43%22:%91%93,%22gcid-e769f8e7-3563-45d5-a883-aa6951001813%22:%91%22background_color%22%93}&#187; custom_padding__hover=&#187;|||&#187; title_text=&#187;04_Instalationstechnik-Gruppe_IMG2917&#8243; sticky_enabled=&#187;0&#8243;][et_pb_blurb title=&#187;Installationstechnik&#187; admin_label=&#187;Careers&#187; _builder_version=&#187;4.21.0&#8243; _dynamic_attributes=&#187;link_option_url&#187; header_text_align=&#187;center&#187; header_font_size=&#187;20px&#187; header_line_height=&#187;1.7em&#187; body_text_align=&#187;center&#187; body_text_color=&#187;rgba(255,255,255,0.7)&#187; transform_translate_linked__hover=&#187;off&#187; background_layout=&#187;dark&#187; custom_padding=&#187;80px|30px|80px|30px&#187; animation_direction=&#187;bottom&#187; link_option_url=&#187;@ET-DC@eyJkeW5hbWljIjp0cnVlLCJjb250ZW50IjoicG9zdF9saW5rX3VybF9wYWdlIiwic2V0dGluZ3MiOnsicG9zdF9pZCI6IjU1MCJ9fQ==@&#187; hover_enabled=&#187;0&#8243; border_radii=&#187;on|5px|5px|5px|5px&#187; global_colors_info=&#187;{}&#187; transform_styles__hover_enabled=&#187;on|hover&#187; transform_scale__hover_enabled=&#187;on|hover&#187; transform_translate__hover_enabled=&#187;on|hover&#187; transform_rotate__hover_enabled=&#187;on|desktop&#187; transform_skew__hover_enabled=&#187;on|desktop&#187; transform_origin__hover_enabled=&#187;on|desktop&#187; transform_translate__hover=&#187;0px|-6px&#187; sticky_enabled=&#187;0&#8243;]<\/p>\n<p>Kleine Hilfsmittel mit grosser Wirkung \u2013 Material f\u00fcr die Geb\u00e4udeinstallation<\/p>\n<p>[\/et_pb_blurb][\/et_pb_column][et_pb_column type=&#187;1_3&#8243; _builder_version=&#187;4.24.2&#8243; background_color=&#187;gcid-d803c36e-7c4b-4aeb-9f82-fcd8cf07682a&#187; background_enable_color=&#187;off&#187; use_background_color_gradient=&#187;on&#187; background_color_gradient_stops=&#187;rgba(87,105,117,0.92) 0%|rgba(87,105,117,0.92) 100%&#187; background_color_gradient_overlays_image=&#187;on&#187; background_color_gradient_start=&#187;rgba(87,105,117,0.92)&#187; background_color_gradient_end=&#187;rgba(87,105,117,0.92)&#187; background_image=&#187;https:\/\/www.elbro.com\/wp-content\/uploads\/2021\/07\/ELBRO_Bustechnik_IMG0849-1.jpg&#187; custom_padding=&#187;|||&#187; hover_enabled=&#187;0&#8243; border_radii=&#187;on|6px|6px|6px|6px&#187; global_colors_info=&#187;{%22gcid-ec49a465-1710-44e7-95c8-594abada6320%22:%91%93,%22gcid-b0a60e3f-b935-4eb5-82d8-8a7a0ce91c43%22:%91%93,%22gcid-e769f8e7-3563-45d5-a883-aa6951001813%22:%91%22background_color%22,%22background_color%22,%22background_color%22%93,%22gcid-d803c36e-7c4b-4aeb-9f82-fcd8cf07682a%22:%91%22background_color%22,%22background_color%22%93}&#187; custom_padding__hover=&#187;|||&#187; background__hover_enabled=&#187;off|desktop&#187; sticky_enabled=&#187;0&#8243;][et_pb_blurb title=&#187;Bussysteme&#187; admin_label=&#187;Careers&#187; _builder_version=&#187;4.21.0&#8243; _dynamic_attributes=&#187;link_option_url&#187; header_text_align=&#187;center&#187; header_font_size=&#187;20px&#187; header_line_height=&#187;1.7em&#187; body_text_align=&#187;center&#187; body_text_color=&#187;rgba(255,255,255,0.7)&#187; transform_translate_linked__hover=&#187;off&#187; background_layout=&#187;dark&#187; custom_padding=&#187;80px|30px|80px|30px&#187; animation_direction=&#187;bottom&#187; link_option_url=&#187;@ET-DC@eyJkeW5hbWljIjp0cnVlLCJjb250ZW50IjoicG9zdF9saW5rX3VybF9wYWdlIiwic2V0dGluZ3MiOnsicG9zdF9pZCI6IjU5MCJ9fQ==@&#187; hover_enabled=&#187;0&#8243; border_radii=&#187;on|5px|5px|5px|5px&#187; global_colors_info=&#187;{}&#187; transform_styles__hover_enabled=&#187;on|hover&#187; transform_scale__hover_enabled=&#187;on|hover&#187; transform_translate__hover=&#187;0px|-6px&#187; transform_translate__hover_enabled=&#187;on|hover&#187; transform_rotate__hover_enabled=&#187;on|desktop&#187; transform_skew__hover_enabled=&#187;on|desktop&#187; transform_origin__hover_enabled=&#187;on|desktop&#187; sticky_enabled=&#187;0&#8243;]<\/p>\n<p>Mit KNX und Dali auf einem Nenner \u2013 Bussysteme f\u00fcr einen reibungslosen Datenaustausch<\/p>\n<p>[\/et_pb_blurb][\/et_pb_column][et_pb_column type=&#187;1_3&#8243; _builder_version=&#187;4.24.2&#8243; background_color=&#187;gcid-e769f8e7-3563-45d5-a883-aa6951001813&#8243; background_enable_color=&#187;off&#187; use_background_color_gradient=&#187;on&#187; background_color_gradient_stops=&#187;rgba(237,137,49,0.95) 0%|rgba(237,137,49,0.95) 100%&#187; background_color_gradient_overlays_image=&#187;on&#187; background_color_gradient_start=&#187;rgba(237,137,49,0.95)&#187; background_color_gradient_end=&#187;rgba(237,137,49,0.95)&#187; background_image=&#187;https:\/\/www.elbro.com\/wp-content\/uploads\/2024\/03\/05_Messtechnik-Gruppe_IMG2928.jpg&#187; custom_padding=&#187;|||&#187; hover_enabled=&#187;0&#8243; border_radii=&#187;on|6px|6px|6px|6px&#187; global_colors_info=&#187;{%22gcid-ec49a465-1710-44e7-95c8-594abada6320%22:%91%22background_color%22%93,%22gcid-b0a60e3f-b935-4eb5-82d8-8a7a0ce91c43%22:%91%93,%22gcid-e769f8e7-3563-45d5-a883-aa6951001813%22:%91%22background_color%22,%22background_color%22,%22background_color%22,%22background_color%22%93}&#187; custom_padding__hover=&#187;|||&#187; title_text=&#187;05_Messtechnik-Gruppe_IMG2928&#8243; sticky_enabled=&#187;0&#8243;][et_pb_blurb title=&#187;Messtechnik&#187; admin_label=&#187;Careers&#187; _builder_version=&#187;4.16&#8243; _dynamic_attributes=&#187;link_option_url&#187; header_text_align=&#187;center&#187; header_font_size=&#187;20px&#187; header_line_height=&#187;1.7em&#187; body_text_align=&#187;center&#187; body_text_color=&#187;rgba(255,255,255,0.7)&#187; transform_translate_linked__hover=&#187;off&#187; background_layout=&#187;dark&#187; custom_padding=&#187;80px|30px|80px|30px&#187; animation_direction=&#187;bottom&#187; link_option_url=&#187;@ET-DC@eyJkeW5hbWljIjp0cnVlLCJjb250ZW50IjoicG9zdF9saW5rX3VybF9wYWdlIiwic2V0dGluZ3MiOnsicG9zdF9pZCI6IjU5MiJ9fQ==@&#187; border_radii=&#187;on|5px|5px|5px|5px&#187; global_colors_info=&#187;{}&#187; transform_styles__hover_enabled=&#187;on|hover&#187; transform_scale__hover_enabled=&#187;on|hover&#187; transform_translate__hover=&#187;0px|-6px&#187; transform_translate__hover_enabled=&#187;on|hover&#187; transform_rotate__hover_enabled=&#187;on|desktop&#187; transform_skew__hover_enabled=&#187;on|desktop&#187; transform_origin__hover_enabled=&#187;on|desktop&#187;]<\/p>\n<p>Auf der sicheren Seite \u2013 Messtechnik f\u00fcr Elektrizit\u00e4t, Temperatur, Feuchtigkeit und Licht<\/p>\n<p>[\/et_pb_blurb][\/et_pb_column][\/et_pb_row][et_pb_row column_structure=&#187;1_3,1_3,1_3&#8243; use_custom_gutter=&#187;on&#187; make_equal=&#187;on&#187; admin_label=&#187;Careers&#187; _builder_version=&#187;4.24.2&#8243; transform_translate_linked__hover=&#187;off&#187; custom_padding=&#187;0px|||||&#187; hover_enabled=&#187;0&#8243; global_colors_info=&#187;{}&#187; transform_styles__hover_enabled=&#187;off|desktop&#187; transform_scale__hover_enabled=&#187;off|desktop&#187; transform_translate__hover=&#187;0px|-6px&#187; transform_translate__hover_enabled=&#187;off|desktop&#187; transform_rotate__hover_enabled=&#187;off|desktop&#187; transform_skew__hover_enabled=&#187;off|desktop&#187; transform_origin__hover_enabled=&#187;off|desktop&#187; sticky_enabled=&#187;0&#8243;][et_pb_column type=&#187;1_3&#8243; _builder_version=&#187;4.24.2&#8243; background_color=&#187;gcid-d803c36e-7c4b-4aeb-9f82-fcd8cf07682a&#187; background_enable_color=&#187;off&#187; use_background_color_gradient=&#187;on&#187; background_color_gradient_stops=&#187;rgba(87,105,117,0.92) 0%|rgba(87,105,117,0.92) 100%&#187; background_color_gradient_overlays_image=&#187;on&#187; background_color_gradient_start=&#187;rgba(87,105,117,0.92)&#187; background_color_gradient_end=&#187;rgba(87,105,117,0.92)&#187; background_image=&#187;https:\/\/www.elbro.com\/wp-content\/uploads\/2024\/03\/03_Schalttechnik-Gruppe_IMG2914.jpg&#187; custom_padding=&#187;|||&#187; hover_enabled=&#187;0&#8243; border_radii=&#187;on|6px|6px|6px|6px&#187; global_colors_info=&#187;{%22gcid-ec49a465-1710-44e7-95c8-594abada6320%22:%91%93,%22gcid-b0a60e3f-b935-4eb5-82d8-8a7a0ce91c43%22:%91%93,%22gcid-e769f8e7-3563-45d5-a883-aa6951001813%22:%91%22background_color%22,%22background_color%22,%22background_color%22,%22background_color%22,%22background_color%22%93,%22gcid-d803c36e-7c4b-4aeb-9f82-fcd8cf07682a%22:%91%22background_color%22,%22background_color%22,%22background_color%22%93}&#187; custom_padding__hover=&#187;|||&#187; background__hover_enabled=&#187;off|desktop&#187; title_text=&#187;03_Schalttechnik-Gruppe_IMG2914&#8243; sticky_enabled=&#187;0&#8243;][et_pb_blurb title=&#187;Geb\u00e4udeautomation&#187; admin_label=&#187;Careers&#187; _builder_version=&#187;4.16&#8243; _dynamic_attributes=&#187;link_option_url&#187; header_text_align=&#187;center&#187; header_font_size=&#187;20px&#187; header_line_height=&#187;1.7em&#187; body_text_align=&#187;center&#187; body_text_color=&#187;rgba(255,255,255,0.7)&#187; transform_translate_linked__hover=&#187;off&#187; background_layout=&#187;dark&#187; custom_padding=&#187;80px|30px|80px|30px&#187; animation_direction=&#187;bottom&#187; link_option_url=&#187;@ET-DC@eyJkeW5hbWljIjp0cnVlLCJjb250ZW50IjoicG9zdF9saW5rX3VybF9wYWdlIiwic2V0dGluZ3MiOnsicG9zdF9pZCI6IjU5NSJ9fQ==@&#187; border_radii=&#187;on|5px|5px|5px|5px&#187; global_colors_info=&#187;{}&#187; transform_styles__hover_enabled=&#187;on|hover&#187; transform_scale__hover_enabled=&#187;on|hover&#187; transform_translate__hover=&#187;0px|-6px&#187; transform_translate__hover_enabled=&#187;on|hover&#187; transform_rotate__hover_enabled=&#187;on|desktop&#187; transform_skew__hover_enabled=&#187;on|desktop&#187; transform_origin__hover_enabled=&#187;on|desktop&#187;]<\/p>\n<p>Intelligente Geb\u00e4udetechnik f\u00fcr das Elektrohandwerk liegt im Trend<\/p>\n<p>[\/et_pb_blurb][\/et_pb_column][et_pb_column type=&#187;1_3&#8243; _builder_version=&#187;4.24.2&#8243; background_color=&#187;gcid-d803c36e-7c4b-4aeb-9f82-fcd8cf07682a&#187; background_enable_color=&#187;off&#187; use_background_color_gradient=&#187;on&#187; background_color_gradient_stops=&#187;rgba(237,137,49,0.95) 0%|rgba(237,137,49,0.95) 100%&#187; background_color_gradient_overlays_image=&#187;on&#187; background_color_gradient_start=&#187;rgba(237,137,49,0.95)&#187; background_color_gradient_end=&#187;rgba(237,137,49,0.95)&#187; background_image=&#187;https:\/\/www.elbro.com\/wp-content\/uploads\/2024\/03\/08_Haustechnik-Gruppe_IMG2943.jpg&#187; custom_padding=&#187;|||&#187; hover_enabled=&#187;0&#8243; border_radii=&#187;on|6px|6px|6px|6px&#187; global_colors_info=&#187;{%22gcid-ec49a465-1710-44e7-95c8-594abada6320%22:%91%22background_color%22%93,%22gcid-b0a60e3f-b935-4eb5-82d8-8a7a0ce91c43%22:%91%93,%22gcid-e769f8e7-3563-45d5-a883-aa6951001813%22:%91%22background_color%22,%22background_color%22,%22background_color%22,%22background_color%22,%22background_color%22,%22background_color%22%93,%22gcid-d803c36e-7c4b-4aeb-9f82-fcd8cf07682a%22:%91%22background_color%22,%22background_color%22%93}&#187; custom_padding__hover=&#187;|||&#187; title_text=&#187;08_Haustechnik-Gruppe_IMG2943&#8243; sticky_enabled=&#187;0&#8243;][et_pb_blurb title=&#187;Licht&#187; admin_label=&#187;Careers&#187; _builder_version=&#187;4.21.0&#8243; _dynamic_attributes=&#187;link_option_url&#187; header_text_align=&#187;center&#187; header_font_size=&#187;20px&#187; header_line_height=&#187;1.7em&#187; body_text_align=&#187;center&#187; body_text_color=&#187;rgba(255,255,255,0.7)&#187; transform_translate_linked__hover=&#187;off&#187; background_layout=&#187;dark&#187; custom_padding=&#187;80px|30px|80px|30px&#187; animation_direction=&#187;bottom&#187; link_option_url=&#187;@ET-DC@eyJkeW5hbWljIjp0cnVlLCJjb250ZW50IjoicG9zdF9saW5rX3VybF9wYWdlIiwic2V0dGluZ3MiOnsicG9zdF9pZCI6IjYwMCJ9fQ==@&#187; border_radii=&#187;on|5px|5px|5px|5px&#187; global_colors_info=&#187;{}&#187; transform_styles__hover_enabled=&#187;on|hover&#187; transform_scale__hover_enabled=&#187;on|hover&#187; transform_translate__hover=&#187;0px|-6px&#187; transform_translate__hover_enabled=&#187;on|hover&#187; transform_rotate__hover_enabled=&#187;on|desktop&#187; transform_skew__hover_enabled=&#187;on|desktop&#187; transform_origin__hover_enabled=&#187;on|desktop&#187;]<\/p>\n<p>Grosse B\u00fchne f\u00fcr LED-Technologie \u2013 Lichtsteuerger\u00e4te und LED-Leuchten aus einer Hand<\/p>\n<p>[\/et_pb_blurb][\/et_pb_column][et_pb_column type=&#187;1_3&#8243; _builder_version=&#187;4.24.2&#8243; background_color=&#187;gcid-d803c36e-7c4b-4aeb-9f82-fcd8cf07682a&#187; background_enable_color=&#187;off&#187; use_background_color_gradient=&#187;on&#187; background_color_gradient_stops=&#187;rgba(87,105,117,0.92) 0%|rgba(87,105,117,0.92) 100%&#187; background_color_gradient_overlays_image=&#187;on&#187; background_color_gradient_start=&#187;rgba(87,105,117,0.92)&#187; background_color_gradient_end=&#187;rgba(87,105,117,0.92)&#187; background_image=&#187;https:\/\/www.elbro.com\/wp-content\/uploads\/2024\/03\/06_Telematik-Gruppe_IMG2930.jpg&#187; custom_padding=&#187;|||&#187; hover_enabled=&#187;0&#8243; border_radii=&#187;on|6px|6px|6px|6px&#187; global_colors_info=&#187;{%22gcid-ec49a465-1710-44e7-95c8-594abada6320%22:%91%22background_color%22%93,%22gcid-b0a60e3f-b935-4eb5-82d8-8a7a0ce91c43%22:%91%93,%22gcid-e769f8e7-3563-45d5-a883-aa6951001813%22:%91%22background_color%22,%22background_color%22,%22background_color%22,%22background_color%22,%22background_color%22,%22background_color%22,%22background_color%22,%22background_color%22,%22background_color%22%93,%22gcid-d803c36e-7c4b-4aeb-9f82-fcd8cf07682a%22:%91%22background_color%22,%22background_color%22,%22background_color%22,%22background_color%22%93}&#187; custom_padding__hover=&#187;|||&#187; background__hover_enabled=&#187;off|desktop&#187; title_text=&#187;06_Telematik-Gruppe_IMG2930&#8243; sticky_enabled=&#187;0&#8243;][et_pb_blurb title=&#187;Telematik&#187; admin_label=&#187;Careers&#187; _builder_version=&#187;4.17.3&#8243; _dynamic_attributes=&#187;link_option_url&#187; header_text_align=&#187;center&#187; header_font_size=&#187;20px&#187; header_line_height=&#187;1.7em&#187; body_text_align=&#187;center&#187; body_text_color=&#187;rgba(255,255,255,0.7)&#187; transform_translate_linked__hover=&#187;off&#187; background_layout=&#187;dark&#187; custom_padding=&#187;80px|30px|80px|30px&#187; animation_direction=&#187;bottom&#187; link_option_url=&#187;@ET-DC@eyJkeW5hbWljIjp0cnVlLCJjb250ZW50IjoicG9zdF9saW5rX3VybF9wYWdlIiwic2V0dGluZ3MiOnsicG9zdF9pZCI6IjYwMyJ9fQ==@&#187; border_radii=&#187;on|5px|5px|5px|5px&#187; global_colors_info=&#187;{}&#187; transform_styles__hover_enabled=&#187;on|hover&#187; transform_scale__hover_enabled=&#187;on|hover&#187; transform_translate__hover=&#187;0px|-6px&#187; transform_translate__hover_enabled=&#187;on|hover&#187; transform_rotate__hover_enabled=&#187;on|desktop&#187; transform_skew__hover_enabled=&#187;on|desktop&#187; transform_origin__hover_enabled=&#187;on|desktop&#187;]<\/p>\n<p>Komponenten und Kabel f\u00fcr die strukturierte Geb\u00e4udeverkabelung, 19-Zoll-Technik, Lichtwellenleiter<\/p>\n<p>[\/et_pb_blurb][\/et_pb_column][\/et_pb_row][et_pb_row _builder_version=&#187;4.16&#8243; _module_preset=&#187;default&#187; global_colors_info=&#187;{}&#187;][et_pb_column type=&#187;4_4&#8243; _builder_version=&#187;4.16&#8243; _module_preset=&#187;default&#187; global_colors_info=&#187;{}&#187;][et_pb_button button_url=&#187;https:\/\/katalog.elbro.com\/&#187; button_text=&#187;Zum ELBRO Katalog&#187; button_alignment=&#187;center&#187; _builder_version=&#187;4.17.3&#8243; _module_preset=&#187;default&#187; custom_button=&#187;on&#187; button_text_size=&#187;17px&#187; button_text_color=&#187;#FFFFFF&#187; button_bg_color=&#187;gcid-e769f8e7-3563-45d5-a883-aa6951001813&#8243; button_border_width=&#187;5px&#187; button_border_color=&#187;gcid-e769f8e7-3563-45d5-a883-aa6951001813&#8243; locked=&#187;off&#187; global_colors_info=&#187;{%22gcid-e769f8e7-3563-45d5-a883-aa6951001813%22:%91%22button_bg_color%22,%22button_border_color%22%93}&#187;][\/et_pb_button][\/et_pb_column][\/et_pb_row][\/et_pb_section]<\/p>\n<div id=\"dipi-popup-maker-container\"><script type=\"text\/javascript\">var dipi_popups_with_automatic_trigger = {'3205': '{\"at_type\":\"trigger_on_scroll\",\"at_value\":\"1000:px\",\"at_periodicity\":\"once_per_period\",\"at_periodicity_hours\":\"1\",\"at_certain_period_from\":\"\",\"at_certain_period_to\":\"\",\"at_inactivity_delay\":\"0\"}',};<\/script><style type=\"text\/css\">\n\t\t\t.dipi_popup-customclose-btn-3205 {\n\t\t\t\tcolor: !important;\n\t\t\t\tbackground-color: !important;\n\t\t\t\tfont-size:px !important;\n\t\t\t\tpadding:px !important;\n\t\t\t\tmargin:px !important;\n\t\t\t\t-moz-border-radius:% !important;\n\t\t\t\t-webkit-border-radius:% !important;\n\t\t\t\t-khtml-border-radius:% !important;\n\t\t\t\tborder-radius:% !important;\n\t\t\t\tfont-weight:!important;\n\t\t\t}\n\t\t\t@media (min-width: 981px) {\n\t\t\t\t.dipi-popup-container#dipi-popup-container-3205 .dipi_popup .dipi-popup-wrapper {\n\t\t\t\t\twidth: 50%;\n\t\t\t\t}\n\t\t\t}\n\t\t\t@media(max-width: 767px) {\n\t\t\t\t.dipi-popup-container#dipi-popup-container-3205 .dipi_popup .dipi-popup-wrapper {\n\t\t\t\t\twidth: %;\n\t\t\t\t}    \n\t\t\t}\n\t\t\t@media (min-width: 768px) and (max-width: 980px) {\n\t\t\t\t.dipi-popup-container#dipi-popup-container-3205  .dipi_popup .dipi-popup-wrapper {\n\t\t\t\t\twidth: 90%;\n\t\t\t\t}    \n\t\t\t}\n\t\t\t\n\t\t\t.dipi-popup-container#dipi-popup-container-3205 .dipi_popup .dipi-popup-wrapper {\n\t\t\t\tmin-width: 300px;\n\t\t\t}\n\t\t\t<\/style><\/div>    <script type=\"text\/javascript\">\n        var ajaxurl = \"https:\/\/www.elbro.com\/wp-admin\/admin-ajax.php\";\n    <\/script>\n    ","protected":false},"excerpt":{"rendered":"<p>Unsere BereicheKleine Hilfsmittel mit grosser Wirkung \u2013 Material f\u00fcr die Geb\u00e4udeinstallationMit KNX und Dali auf einem Nenner \u2013 Bussysteme f\u00fcr einen reibungslosen DatenaustauschAuf der sicheren Seite \u2013 Messtechnik f\u00fcr Elektrizit\u00e4t, Temperatur, Feuchtigkeit und LichtIntelligente Geb\u00e4udetechnik f\u00fcr das Elektrohandwerk liegt im TrendGrosse B\u00fchne f\u00fcr LED-Technologie \u2013 Lichtsteuerger\u00e4te und LED-Leuchten aus einer HandKomponenten und Kabel f\u00fcr die [&hellip;]<\/p>\n","protected":false},"author":1,"featured_media":0,"parent":0,"menu_order":0,"comment_status":"closed","ping_status":"closed","template":"","meta":{"_et_pb_use_builder":"on","_et_pb_old_content":"","_et_gb_content_width":"","inline_featured_image":false,"iawp_total_views":352,"footnotes":""},"dipi_cpt_category":[],"class_list":["post-416","page","type-page","status-publish","hentry"],"_links":{"self":[{"href":"https:\/\/www.elbro.com\/fr\/wp-json\/wp\/v2\/pages\/416","targetHints":{"allow":["GET"]}}],"collection":[{"href":"https:\/\/www.elbro.com\/fr\/wp-json\/wp\/v2\/pages"}],"about":[{"href":"https:\/\/www.elbro.com\/fr\/wp-json\/wp\/v2\/types\/page"}],"author":[{"embeddable":true,"href":"https:\/\/www.elbro.com\/fr\/wp-json\/wp\/v2\/users\/1"}],"replies":[{"embeddable":true,"href":"https:\/\/www.elbro.com\/fr\/wp-json\/wp\/v2\/comments?post=416"}],"version-history":[{"count":5,"href":"https:\/\/www.elbro.com\/fr\/wp-json\/wp\/v2\/pages\/416\/revisions"}],"predecessor-version":[{"id":3332,"href":"https:\/\/www.elbro.com\/fr\/wp-json\/wp\/v2\/pages\/416\/revisions\/3332"}],"wp:attachment":[{"href":"https:\/\/www.elbro.com\/fr\/wp-json\/wp\/v2\/media?parent=416"}],"wp:term":[{"taxonomy":"dipi_cpt_category","embeddable":true,"href":"https:\/\/www.elbro.com\/fr\/wp-json\/wp\/v2\/dipi_cpt_category?post=416"}],"curies":[{"name":"wp","href":"https:\/\/api.w.org\/{rel}","templated":true}]}}